{"id":5199,"date":"2025-07-27T17:15:47","date_gmt":"2025-07-27T17:15:47","guid":{"rendered":"https:\/\/www.lobodachi.com\/?post_type=product&#038;p=5199"},"modified":"2025-11-02T00:37:56","modified_gmt":"2025-11-02T00:37:56","slug":"led-lampara-gengar-pokemon-center","status":"publish","type":"product","link":"https:\/\/www.lobodachi.com\/?product=led-lampara-gengar-pokemon-center","title":{"rendered":"LED L\u00e1mpara Gengar Pokemon Center"},"content":{"rendered":"<p>Pok\u00e9mon Center<\/p>\n<p>Lampara Led Gengar Pok\u00e9mon Halloween Harvest Festival<\/p>\n<p>15\u00d710\u00d711 cm\u3000<\/p>\n<p>211g<\/p>\n","protected":false},"excerpt":{"rendered":"<p>Pok\u00e9mon Center Lampara Led Gengar Pok\u00e9mon Halloween Harvest Festival 15\u00d710\u00d711 cm\u3000 211g<\/p>\n","protected":false},"featured_media":5203,"template":"","meta":[],"_links":{"self":[{"href":"https:\/\/www.lobodachi.com\/index.php?rest_route=\/wp\/v2\/product\/5199"}],"collection":[{"href":"https:\/\/www.lobodachi.com\/index.php?rest_route=\/wp\/v2\/product"}],"about":[{"href":"https:\/\/www.lobodachi.com\/index.php?rest_route=\/wp\/v2\/types\/product"}],"wp:featuredmedia":[{"embeddable":true,"href":"https:\/\/www.lobodachi.com\/index.php?rest_route=\/wp\/v2\/media\/5203"}],"wp:attachment":[{"href":"https:\/\/www.lobodachi.com\/index.php?rest_route=%2Fwp%2Fv2%2Fmedia&parent=5199"}],"curies":[{"name":"wp","href":"https:\/\/api.w.org\/{rel}","templated":true}]}}