{"id":5300,"date":"2025-08-11T21:38:30","date_gmt":"2025-08-11T21:38:30","guid":{"rendered":"https:\/\/www.lobodachi.com\/?post_type=product&#038;p=5300"},"modified":"2026-01-08T06:25:41","modified_gmt":"2026-01-08T06:25:41","slug":"charmander-metal-charm-set","status":"publish","type":"product","link":"https:\/\/www.lobodachi.com\/?product=charmander-metal-charm-set","title":{"rendered":"Charmander Metal Charm Set"},"content":{"rendered":"<p>Pok\u00e9mon Center<\/p>\n<p>Set de Charms Met\u00e1licos Charmander, Charmeleon &amp; Charizard<\/p>\n<p>4.2\u00d72.8\u00d70.2 cm<\/p>\n<p>4g<\/p>\n","protected":false},"excerpt":{"rendered":"<p>Pok\u00e9mon Center Set de Charms Met\u00e1licos Charmander, Charmeleon &amp; Charizard 4.2\u00d72.8\u00d70.2 cm 4g<\/p>\n","protected":false},"featured_media":5305,"template":"","meta":[],"_links":{"self":[{"href":"https:\/\/www.lobodachi.com\/index.php?rest_route=\/wp\/v2\/product\/5300"}],"collection":[{"href":"https:\/\/www.lobodachi.com\/index.php?rest_route=\/wp\/v2\/product"}],"about":[{"href":"https:\/\/www.lobodachi.com\/index.php?rest_route=\/wp\/v2\/types\/product"}],"wp:featuredmedia":[{"embeddable":true,"href":"https:\/\/www.lobodachi.com\/index.php?rest_route=\/wp\/v2\/media\/5305"}],"wp:attachment":[{"href":"https:\/\/www.lobodachi.com\/index.php?rest_route=%2Fwp%2Fv2%2Fmedia&parent=5300"}],"curies":[{"name":"wp","href":"https:\/\/api.w.org\/{rel}","templated":true}]}}