{"id":5303,"date":"2025-08-11T21:38:31","date_gmt":"2025-08-11T21:38:31","guid":{"rendered":"https:\/\/www.lobodachi.com\/?post_type=product&#038;p=5303"},"modified":"2025-08-18T16:31:53","modified_gmt":"2025-08-18T16:31:53","slug":"pokemon-with-you-eevee-charm","status":"publish","type":"product","link":"https:\/\/www.lobodachi.com\/?product=pokemon-with-you-eevee-charm","title":{"rendered":"Pokemon With You Eevee Charm"},"content":{"rendered":"<p>Pok\u00e9mon Center<\/p>\n<p>Charm Met\u00e1lico Eevee Pok\u00e9mon With You\u00a0<\/p>\n","protected":false},"excerpt":{"rendered":"<p>Pok\u00e9mon Center Charm Met\u00e1lico Eevee Pok\u00e9mon With You\u00a0<\/p>\n","protected":false},"featured_media":5308,"template":"","meta":[],"_links":{"self":[{"href":"https:\/\/www.lobodachi.com\/index.php?rest_route=\/wp\/v2\/product\/5303"}],"collection":[{"href":"https:\/\/www.lobodachi.com\/index.php?rest_route=\/wp\/v2\/product"}],"about":[{"href":"https:\/\/www.lobodachi.com\/index.php?rest_route=\/wp\/v2\/types\/product"}],"wp:featuredmedia":[{"embeddable":true,"href":"https:\/\/www.lobodachi.com\/index.php?rest_route=\/wp\/v2\/media\/5308"}],"wp:attachment":[{"href":"https:\/\/www.lobodachi.com\/index.php?rest_route=%2Fwp%2Fv2%2Fmedia&parent=5303"}],"curies":[{"name":"wp","href":"https:\/\/api.w.org\/{rel}","templated":true}]}}