{"id":5312,"date":"2025-08-12T20:06:38","date_gmt":"2025-08-12T20:06:38","guid":{"rendered":"https:\/\/www.lobodachi.com\/?post_type=product&#038;p=5312"},"modified":"2025-12-12T18:54:34","modified_gmt":"2025-12-12T18:54:34","slug":"pokemon-with-you-umbreon-charm","status":"publish","type":"product","link":"https:\/\/www.lobodachi.com\/?product=pokemon-with-you-umbreon-charm","title":{"rendered":"Pokemon With You Umbreon Charm"},"content":{"rendered":"<p>Pok\u00e9mon Center<\/p>\n<p>Pok\u00e9mon With You Umbreon Charm Met\u00e1lico\u00a0<\/p>\n","protected":false},"excerpt":{"rendered":"<p>Pok\u00e9mon Center Pok\u00e9mon With You Umbreon Charm Met\u00e1lico\u00a0<\/p>\n","protected":false},"featured_media":5317,"template":"","meta":[],"_links":{"self":[{"href":"https:\/\/www.lobodachi.com\/index.php?rest_route=\/wp\/v2\/product\/5312"}],"collection":[{"href":"https:\/\/www.lobodachi.com\/index.php?rest_route=\/wp\/v2\/product"}],"about":[{"href":"https:\/\/www.lobodachi.com\/index.php?rest_route=\/wp\/v2\/types\/product"}],"wp:featuredmedia":[{"embeddable":true,"href":"https:\/\/www.lobodachi.com\/index.php?rest_route=\/wp\/v2\/media\/5317"}],"wp:attachment":[{"href":"https:\/\/www.lobodachi.com\/index.php?rest_route=%2Fwp%2Fv2%2Fmedia&parent=5312"}],"curies":[{"name":"wp","href":"https:\/\/api.w.org\/{rel}","templated":true}]}}