{"id":5313,"date":"2025-08-12T20:06:39","date_gmt":"2025-08-12T20:06:39","guid":{"rendered":"https:\/\/www.lobodachi.com\/?post_type=product&#038;p=5313"},"modified":"2025-08-18T16:32:00","modified_gmt":"2025-08-18T16:32:00","slug":"7days-story-eevee-pin-dia-1","status":"publish","type":"product","link":"https:\/\/www.lobodachi.com\/?product=7days-story-eevee-pin-dia-1","title":{"rendered":"7Days Story Eevee Pin D\u00eda 1"},"content":{"rendered":"<p>Pok\u00e9mon Center<\/p>\n<p>7 Days Story Eevee d\u00eda 1 pin<\/p>\n<p>4.0\u00d73.6\u00d71.0cm<\/p>\n","protected":false},"excerpt":{"rendered":"<p>Pok\u00e9mon Center 7 Days Story Eevee d\u00eda 1 pin 4.0\u00d73.6\u00d71.0cm<\/p>\n","protected":false},"featured_media":5320,"template":"","meta":[],"_links":{"self":[{"href":"https:\/\/www.lobodachi.com\/index.php?rest_route=\/wp\/v2\/product\/5313"}],"collection":[{"href":"https:\/\/www.lobodachi.com\/index.php?rest_route=\/wp\/v2\/product"}],"about":[{"href":"https:\/\/www.lobodachi.com\/index.php?rest_route=\/wp\/v2\/types\/product"}],"wp:featuredmedia":[{"embeddable":true,"href":"https:\/\/www.lobodachi.com\/index.php?rest_route=\/wp\/v2\/media\/5320"}],"wp:attachment":[{"href":"https:\/\/www.lobodachi.com\/index.php?rest_route=%2Fwp%2Fv2%2Fmedia&parent=5313"}],"curies":[{"name":"wp","href":"https:\/\/api.w.org\/{rel}","templated":true}]}}