{"id":5315,"date":"2025-08-12T20:06:39","date_gmt":"2025-08-12T20:06:39","guid":{"rendered":"https:\/\/www.lobodachi.com\/?post_type=product&#038;p=5315"},"modified":"2025-08-18T16:31:57","modified_gmt":"2025-08-18T16:31:57","slug":"pokemon-go-team-valor","status":"publish","type":"product","link":"https:\/\/www.lobodachi.com\/?product=pokemon-go-team-valor","title":{"rendered":"Pokemon Go Team Valor"},"content":{"rendered":"<p>Pok\u00e9mon Center<\/p>\n<p>Pok\u00e9mon GO Team Valor Pin<\/p>\n<p>4.1\u00d74.1\u00d71.2 cm<\/p>\n","protected":false},"excerpt":{"rendered":"<p>Pok\u00e9mon Center Pok\u00e9mon GO Team Valor Pin 4.1\u00d74.1\u00d71.2 cm<\/p>\n","protected":false},"featured_media":5321,"template":"","meta":[],"_links":{"self":[{"href":"https:\/\/www.lobodachi.com\/index.php?rest_route=\/wp\/v2\/product\/5315"}],"collection":[{"href":"https:\/\/www.lobodachi.com\/index.php?rest_route=\/wp\/v2\/product"}],"about":[{"href":"https:\/\/www.lobodachi.com\/index.php?rest_route=\/wp\/v2\/types\/product"}],"wp:featuredmedia":[{"embeddable":true,"href":"https:\/\/www.lobodachi.com\/index.php?rest_route=\/wp\/v2\/media\/5321"}],"wp:attachment":[{"href":"https:\/\/www.lobodachi.com\/index.php?rest_route=%2Fwp%2Fv2%2Fmedia&parent=5315"}],"curies":[{"name":"wp","href":"https:\/\/api.w.org\/{rel}","templated":true}]}}