{"id":5332,"date":"2025-08-12T21:11:41","date_gmt":"2025-08-12T21:11:41","guid":{"rendered":"https:\/\/www.lobodachi.com\/?post_type=product&#038;p=5332"},"modified":"2025-08-18T16:32:15","modified_gmt":"2025-08-18T16:32:15","slug":"cosmog-cascabel-charm","status":"publish","type":"product","link":"https:\/\/www.lobodachi.com\/?product=cosmog-cascabel-charm","title":{"rendered":"Cosmog Cascabel Charm"},"content":{"rendered":"<p>Pok\u00e9mon Center<\/p>\n<p>Charm Strap Cosmog Cascabel<\/p>\n<p>14.5\u00d75\u00d71.6cm<\/p>\n","protected":false},"excerpt":{"rendered":"<p>Pok\u00e9mon Center Charm Strap Cosmog Cascabel 14.5\u00d75\u00d71.6cm<\/p>\n","protected":false},"featured_media":5337,"template":"","meta":[],"_links":{"self":[{"href":"https:\/\/www.lobodachi.com\/index.php?rest_route=\/wp\/v2\/product\/5332"}],"collection":[{"href":"https:\/\/www.lobodachi.com\/index.php?rest_route=\/wp\/v2\/product"}],"about":[{"href":"https:\/\/www.lobodachi.com\/index.php?rest_route=\/wp\/v2\/types\/product"}],"wp:featuredmedia":[{"embeddable":true,"href":"https:\/\/www.lobodachi.com\/index.php?rest_route=\/wp\/v2\/media\/5337"}],"wp:attachment":[{"href":"https:\/\/www.lobodachi.com\/index.php?rest_route=%2Fwp%2Fv2%2Fmedia&parent=5332"}],"curies":[{"name":"wp","href":"https:\/\/api.w.org\/{rel}","templated":true}]}}