{"id":5344,"date":"2025-08-12T21:38:08","date_gmt":"2025-08-12T21:38:08","guid":{"rendered":"https:\/\/www.lobodachi.com\/?post_type=product&#038;p=5344"},"modified":"2025-08-18T16:32:29","modified_gmt":"2025-08-18T16:32:29","slug":"llavero-acrilico-con-led-pikachu","status":"publish","type":"product","link":"https:\/\/www.lobodachi.com\/?product=llavero-acrilico-con-led-pikachu","title":{"rendered":"Llavero Acr\u00edlico con LED Pikachu"},"content":{"rendered":"<p>Pok\u00e9mon Center<\/p>\n<p>Llavero Acr\u00edlico con LED Pikachu Pok\u00e9mon Center Tokyo Bay R Shining!<\/p>\n<p>10.1 x 6.2 x 1.5: cm<\/p>\n<p>30g<\/p>\n<p>\u00a0<\/p>\n<p>\u00a0<\/p>\n","protected":false},"excerpt":{"rendered":"<p>Pok\u00e9mon Center Llavero Acr\u00edlico con LED Pikachu Pok\u00e9mon Center Tokyo Bay R Shining! 10.1 x 6.2 x 1.5: cm 30g \u00a0 \u00a0<\/p>\n","protected":false},"featured_media":5350,"template":"","meta":[],"_links":{"self":[{"href":"https:\/\/www.lobodachi.com\/index.php?rest_route=\/wp\/v2\/product\/5344"}],"collection":[{"href":"https:\/\/www.lobodachi.com\/index.php?rest_route=\/wp\/v2\/product"}],"about":[{"href":"https:\/\/www.lobodachi.com\/index.php?rest_route=\/wp\/v2\/types\/product"}],"wp:featuredmedia":[{"embeddable":true,"href":"https:\/\/www.lobodachi.com\/index.php?rest_route=\/wp\/v2\/media\/5350"}],"wp:attachment":[{"href":"https:\/\/www.lobodachi.com\/index.php?rest_route=%2Fwp%2Fv2%2Fmedia&parent=5344"}],"curies":[{"name":"wp","href":"https:\/\/api.w.org\/{rel}","templated":true}]}}