{"id":5367,"date":"2025-08-12T22:54:45","date_gmt":"2025-08-12T22:54:45","guid":{"rendered":"https:\/\/www.lobodachi.com\/?post_type=product&#038;p=5367"},"modified":"2025-08-18T16:32:56","modified_gmt":"2025-08-18T16:32:56","slug":"carmine-sinistcha-chibi-figura","status":"publish","type":"product","link":"https:\/\/www.lobodachi.com\/?product=carmine-sinistcha-chibi-figura","title":{"rendered":"Carmine &amp; Sinistcha Chibi Figura"},"content":{"rendered":"<p>Pok\u00e9mon Center<\/p>\n<p>Figura Carmine &amp; Sinistcha Chibi Pok\u00e9mon Trainers<\/p>\n<p>8.4\u00d76.2\u00d77.3 cm\u3000<\/p>\n<p>116g<\/p>\n<p>\u00a0<\/p>\n","protected":false},"excerpt":{"rendered":"<p>Pok\u00e9mon Center Figura Carmine &amp; Sinistcha Chibi Pok\u00e9mon Trainers 8.4\u00d76.2\u00d77.3 cm\u3000 116g \u00a0<\/p>\n","protected":false},"featured_media":5373,"template":"","meta":[],"_links":{"self":[{"href":"https:\/\/www.lobodachi.com\/index.php?rest_route=\/wp\/v2\/product\/5367"}],"collection":[{"href":"https:\/\/www.lobodachi.com\/index.php?rest_route=\/wp\/v2\/product"}],"about":[{"href":"https:\/\/www.lobodachi.com\/index.php?rest_route=\/wp\/v2\/types\/product"}],"wp:featuredmedia":[{"embeddable":true,"href":"https:\/\/www.lobodachi.com\/index.php?rest_route=\/wp\/v2\/media\/5373"}],"wp:attachment":[{"href":"https:\/\/www.lobodachi.com\/index.php?rest_route=%2Fwp%2Fv2%2Fmedia&parent=5367"}],"curies":[{"name":"wp","href":"https:\/\/api.w.org\/{rel}","templated":true}]}}