{"id":5374,"date":"2025-08-12T23:13:26","date_gmt":"2025-08-12T23:13:26","guid":{"rendered":"https:\/\/www.lobodachi.com\/?post_type=product&#038;p=5374"},"modified":"2025-08-18T16:33:00","modified_gmt":"2025-08-18T16:33:00","slug":"kieran-dipplin-chibi-figura","status":"publish","type":"product","link":"https:\/\/www.lobodachi.com\/?product=kieran-dipplin-chibi-figura","title":{"rendered":"Kieran &amp; Dipplin Chibi Figura"},"content":{"rendered":"<p>Pok\u00e9mon Center<\/p>\n<p>Figura Kieran &amp; Dipplin Chibi Pok\u00e9mon Trainers<\/p>\n<p>9.7\u00d76.6\u00d76.1 cm\u3000<\/p>\n<p>98g<\/p>\n<p>\u00a0<\/p>\n","protected":false},"excerpt":{"rendered":"<p>Pok\u00e9mon Center Figura Kieran &amp; Dipplin Chibi Pok\u00e9mon Trainers 9.7\u00d76.6\u00d76.1 cm\u3000 98g \u00a0<\/p>\n","protected":false},"featured_media":5379,"template":"","meta":[],"_links":{"self":[{"href":"https:\/\/www.lobodachi.com\/index.php?rest_route=\/wp\/v2\/product\/5374"}],"collection":[{"href":"https:\/\/www.lobodachi.com\/index.php?rest_route=\/wp\/v2\/product"}],"about":[{"href":"https:\/\/www.lobodachi.com\/index.php?rest_route=\/wp\/v2\/types\/product"}],"wp:featuredmedia":[{"embeddable":true,"href":"https:\/\/www.lobodachi.com\/index.php?rest_route=\/wp\/v2\/media\/5379"}],"wp:attachment":[{"href":"https:\/\/www.lobodachi.com\/index.php?rest_route=%2Fwp%2Fv2%2Fmedia&parent=5374"}],"curies":[{"name":"wp","href":"https:\/\/api.w.org\/{rel}","templated":true}]}}