{"id":5375,"date":"2025-08-12T23:13:26","date_gmt":"2025-08-12T23:13:26","guid":{"rendered":"https:\/\/www.lobodachi.com\/?post_type=product&#038;p=5375"},"modified":"2025-08-18T16:32:59","modified_gmt":"2025-08-18T16:32:59","slug":"pokeball-projector-light","status":"publish","type":"product","link":"https:\/\/www.lobodachi.com\/?product=pokeball-projector-light","title":{"rendered":"Pokeball Projector light"},"content":{"rendered":"<p>Pok\u00e9mon Center<\/p>\n<p>Proyector de sala Pokeball<\/p>\n<p>Cuerpo: 14,5\u00d715,5\u00d715,5 cm, 303 g<br \/>Cable USB tipo C: aproximadamente 150 cm, 24 g<br \/>Pel\u00edcula lateral: 25,6\u00d76,1 cm, 3,7 g<br \/>Pel\u00edcula superior: \u03c67,6 cm, 1,3 g<\/p>\n","protected":false},"excerpt":{"rendered":"<p>Pok\u00e9mon Center Proyector de sala Pokeball Cuerpo: 14,5\u00d715,5\u00d715,5 cm, 303 gCable USB tipo C: aproximadamente 150 cm, 24 gPel\u00edcula lateral: 25,6\u00d76,1 cm, 3,7 gPel\u00edcula superior: \u03c67,6 cm, 1,3 g<\/p>\n","protected":false},"featured_media":5380,"template":"","meta":[],"_links":{"self":[{"href":"https:\/\/www.lobodachi.com\/index.php?rest_route=\/wp\/v2\/product\/5375"}],"collection":[{"href":"https:\/\/www.lobodachi.com\/index.php?rest_route=\/wp\/v2\/product"}],"about":[{"href":"https:\/\/www.lobodachi.com\/index.php?rest_route=\/wp\/v2\/types\/product"}],"wp:featuredmedia":[{"embeddable":true,"href":"https:\/\/www.lobodachi.com\/index.php?rest_route=\/wp\/v2\/media\/5380"}],"wp:attachment":[{"href":"https:\/\/www.lobodachi.com\/index.php?rest_route=%2Fwp%2Fv2%2Fmedia&parent=5375"}],"curies":[{"name":"wp","href":"https:\/\/api.w.org\/{rel}","templated":true}]}}