{"id":5384,"date":"2025-08-13T23:08:44","date_gmt":"2025-08-13T23:08:44","guid":{"rendered":"https:\/\/www.lobodachi.com\/?post_type=product&#038;p=5384"},"modified":"2026-04-02T00:18:53","modified_gmt":"2026-04-02T00:18:53","slug":"cardpass-case-team-rocket","status":"publish","type":"product","link":"https:\/\/www.lobodachi.com\/?product=cardpass-case-team-rocket","title":{"rendered":"Cardpass Case Team Rocket"},"content":{"rendered":"<p>Pok\u00e9mon Center<\/p>\n<p>Estuche para tarjetas ID Team Rocket<\/p>\n<p>10.5\u00d71\u00d77.7 cm<\/p>\n<p>66g<\/p>\n","protected":false},"excerpt":{"rendered":"<p>Pok\u00e9mon Center Estuche para tarjetas ID Team Rocket 10.5\u00d71\u00d77.7 cm 66g<\/p>\n","protected":false},"featured_media":5389,"template":"","meta":[],"_links":{"self":[{"href":"https:\/\/www.lobodachi.com\/index.php?rest_route=\/wp\/v2\/product\/5384"}],"collection":[{"href":"https:\/\/www.lobodachi.com\/index.php?rest_route=\/wp\/v2\/product"}],"about":[{"href":"https:\/\/www.lobodachi.com\/index.php?rest_route=\/wp\/v2\/types\/product"}],"wp:featuredmedia":[{"embeddable":true,"href":"https:\/\/www.lobodachi.com\/index.php?rest_route=\/wp\/v2\/media\/5389"}],"wp:attachment":[{"href":"https:\/\/www.lobodachi.com\/index.php?rest_route=%2Fwp%2Fv2%2Fmedia&parent=5384"}],"curies":[{"name":"wp","href":"https:\/\/api.w.org\/{rel}","templated":true}]}}