{"id":5397,"date":"2025-08-14T00:42:14","date_gmt":"2025-08-14T00:42:14","guid":{"rendered":"https:\/\/www.lobodachi.com\/?post_type=product&#038;p=5397"},"modified":"2025-11-26T15:36:27","modified_gmt":"2025-11-26T15:36:27","slug":"pokemon-bandana","status":"publish","type":"product","link":"https:\/\/www.lobodachi.com\/?product=pokemon-bandana","title":{"rendered":"Pokemon Bandana"},"content":{"rendered":"<p>Pok\u00e9mon Center<\/p>\n<p>Pok\u00e9mon Bandana Banda Focus (Cinta aguante)<\/p>\n<p>5\u00d7120\u00d70.4 cm\u3000<\/p>\n<p>22g<\/p>\n","protected":false},"excerpt":{"rendered":"<p>Pok\u00e9mon Center Pok\u00e9mon Bandana Banda Focus (Cinta aguante) 5\u00d7120\u00d70.4 cm\u3000 22g<\/p>\n","protected":false},"featured_media":5402,"template":"","meta":[],"_links":{"self":[{"href":"https:\/\/www.lobodachi.com\/index.php?rest_route=\/wp\/v2\/product\/5397"}],"collection":[{"href":"https:\/\/www.lobodachi.com\/index.php?rest_route=\/wp\/v2\/product"}],"about":[{"href":"https:\/\/www.lobodachi.com\/index.php?rest_route=\/wp\/v2\/types\/product"}],"wp:featuredmedia":[{"embeddable":true,"href":"https:\/\/www.lobodachi.com\/index.php?rest_route=\/wp\/v2\/media\/5402"}],"wp:attachment":[{"href":"https:\/\/www.lobodachi.com\/index.php?rest_route=%2Fwp%2Fv2%2Fmedia&parent=5397"}],"curies":[{"name":"wp","href":"https:\/\/api.w.org\/{rel}","templated":true}]}}