{"id":5404,"date":"2025-08-14T01:28:05","date_gmt":"2025-08-14T01:28:05","guid":{"rendered":"https:\/\/www.lobodachi.com\/?post_type=product&#038;p=5404"},"modified":"2025-11-26T15:36:27","modified_gmt":"2025-11-26T15:36:27","slug":"sueter-navideno-paldea-pokemon-l","status":"publish","type":"product","link":"https:\/\/www.lobodachi.com\/?product=sueter-navideno-paldea-pokemon-l","title":{"rendered":"Sueter Navide\u00f1o Paldea Pokemon L"},"content":{"rendered":"<p>Pok\u00e9mon Center<\/p>\n<p>Su\u00e9ter Navide\u00f1o Iron Bundle (Ferrocasco) Pok\u00e9mon: Paldea Christmas Market<br \/>\nNavidad<\/p>\n<p>71 x 56.5 x 2 cm<\/p>\n<p>525g<\/p>\n","protected":false},"excerpt":{"rendered":"<p>Pok\u00e9mon Center Su\u00e9ter Navide\u00f1o Iron Bundle (Ferrocasco) Pok\u00e9mon: Paldea Christmas Market Navidad 71 x 56.5 x 2 cm 525g<\/p>\n","protected":false},"featured_media":5411,"template":"","meta":[],"_links":{"self":[{"href":"https:\/\/www.lobodachi.com\/index.php?rest_route=\/wp\/v2\/product\/5404"}],"collection":[{"href":"https:\/\/www.lobodachi.com\/index.php?rest_route=\/wp\/v2\/product"}],"about":[{"href":"https:\/\/www.lobodachi.com\/index.php?rest_route=\/wp\/v2\/types\/product"}],"wp:featuredmedia":[{"embeddable":true,"href":"https:\/\/www.lobodachi.com\/index.php?rest_route=\/wp\/v2\/media\/5411"}],"wp:attachment":[{"href":"https:\/\/www.lobodachi.com\/index.php?rest_route=%2Fwp%2Fv2%2Fmedia&parent=5404"}],"curies":[{"name":"wp","href":"https:\/\/api.w.org\/{rel}","templated":true}]}}