{"id":5406,"date":"2025-08-14T01:28:05","date_gmt":"2025-08-14T01:28:05","guid":{"rendered":"https:\/\/www.lobodachi.com\/?post_type=product&#038;p=5406"},"modified":"2025-08-26T14:43:57","modified_gmt":"2025-08-26T14:43:57","slug":"lucario-metal-figure","status":"publish","type":"product","link":"https:\/\/www.lobodachi.com\/?product=lucario-metal-figure","title":{"rendered":"Lucario Metal Figure"},"content":{"rendered":"<p>Pok\u00e9mon Center<\/p>\n<p>Figura Met\u00e1lica Lucario Pok\u00e9mon COOL X METAL<\/p>\n<p>10.6\u00d76.2\u00d78.9 cm\u3000<\/p>\n<p>227g<\/p>\n","protected":false},"excerpt":{"rendered":"<p>Pok\u00e9mon Center Figura Met\u00e1lica Lucario Pok\u00e9mon COOL X METAL 10.6\u00d76.2\u00d78.9 cm\u3000 227g<\/p>\n","protected":false},"featured_media":5412,"template":"","meta":[],"_links":{"self":[{"href":"https:\/\/www.lobodachi.com\/index.php?rest_route=\/wp\/v2\/product\/5406"}],"collection":[{"href":"https:\/\/www.lobodachi.com\/index.php?rest_route=\/wp\/v2\/product"}],"about":[{"href":"https:\/\/www.lobodachi.com\/index.php?rest_route=\/wp\/v2\/types\/product"}],"wp:featuredmedia":[{"embeddable":true,"href":"https:\/\/www.lobodachi.com\/index.php?rest_route=\/wp\/v2\/media\/5412"}],"wp:attachment":[{"href":"https:\/\/www.lobodachi.com\/index.php?rest_route=%2Fwp%2Fv2%2Fmedia&parent=5406"}],"curies":[{"name":"wp","href":"https:\/\/api.w.org\/{rel}","templated":true}]}}