{"id":5408,"date":"2025-08-14T01:28:06","date_gmt":"2025-08-14T01:28:06","guid":{"rendered":"https:\/\/www.lobodachi.com\/?post_type=product&#038;p=5408"},"modified":"2025-08-26T14:44:15","modified_gmt":"2025-08-26T14:44:15","slug":"scizor-metal-figure","status":"publish","type":"product","link":"https:\/\/www.lobodachi.com\/?product=scizor-metal-figure","title":{"rendered":"Scizor Metal Figure"},"content":{"rendered":"<p>Pok\u00e9mon Center<\/p>\n<p>Figura Met\u00e1lica Scizor Pok\u00e9mon COOL X METAL<\/p>\n<p>10.1\u00d76.8\u00d77 cm\u3000<\/p>\n<p>241g<\/p>\n","protected":false},"excerpt":{"rendered":"<p>Pok\u00e9mon Center Figura Met\u00e1lica Scizor Pok\u00e9mon COOL X METAL 10.1\u00d76.8\u00d77 cm\u3000 241g<\/p>\n","protected":false},"featured_media":5413,"template":"","meta":[],"_links":{"self":[{"href":"https:\/\/www.lobodachi.com\/index.php?rest_route=\/wp\/v2\/product\/5408"}],"collection":[{"href":"https:\/\/www.lobodachi.com\/index.php?rest_route=\/wp\/v2\/product"}],"about":[{"href":"https:\/\/www.lobodachi.com\/index.php?rest_route=\/wp\/v2\/types\/product"}],"wp:featuredmedia":[{"embeddable":true,"href":"https:\/\/www.lobodachi.com\/index.php?rest_route=\/wp\/v2\/media\/5413"}],"wp:attachment":[{"href":"https:\/\/www.lobodachi.com\/index.php?rest_route=%2Fwp%2Fv2%2Fmedia&parent=5408"}],"curies":[{"name":"wp","href":"https:\/\/api.w.org\/{rel}","templated":true}]}}