{"id":5414,"date":"2025-08-14T01:50:52","date_gmt":"2025-08-14T01:50:52","guid":{"rendered":"https:\/\/www.lobodachi.com\/?post_type=product&#038;p=5414"},"modified":"2025-08-26T14:44:17","modified_gmt":"2025-08-26T14:44:17","slug":"pikachu-squishy-led-light","status":"publish","type":"product","link":"https:\/\/www.lobodachi.com\/?product=pikachu-squishy-led-light","title":{"rendered":"Pikachu Squishy LED light"},"content":{"rendered":"<p>Takara Tommy<\/p>\n<p>Pok\u00e9mon PokePiece Puni Kyun Light<\/p>\n<p>Lampara LED Squishy Pikachu<\/p>\n<p>15\u00d715\u00d710 cm<\/p>\n<p>140g<\/p>\n<p>\u00a0<\/p>\n<p>\u00a0<\/p>\n<p>\u00a0<\/p>\n","protected":false},"excerpt":{"rendered":"<p>Takara Tommy Pok\u00e9mon PokePiece Puni Kyun Light Lampara LED Squishy Pikachu 15\u00d715\u00d710 cm 140g \u00a0 \u00a0 \u00a0<\/p>\n","protected":false},"featured_media":5419,"template":"","meta":[],"_links":{"self":[{"href":"https:\/\/www.lobodachi.com\/index.php?rest_route=\/wp\/v2\/product\/5414"}],"collection":[{"href":"https:\/\/www.lobodachi.com\/index.php?rest_route=\/wp\/v2\/product"}],"about":[{"href":"https:\/\/www.lobodachi.com\/index.php?rest_route=\/wp\/v2\/types\/product"}],"wp:featuredmedia":[{"embeddable":true,"href":"https:\/\/www.lobodachi.com\/index.php?rest_route=\/wp\/v2\/media\/5419"}],"wp:attachment":[{"href":"https:\/\/www.lobodachi.com\/index.php?rest_route=%2Fwp%2Fv2%2Fmedia&parent=5414"}],"curies":[{"name":"wp","href":"https:\/\/api.w.org\/{rel}","templated":true}]}}