{"id":5416,"date":"2025-08-14T01:50:53","date_gmt":"2025-08-14T01:50:53","guid":{"rendered":"https:\/\/www.lobodachi.com\/?post_type=product&#038;p=5416"},"modified":"2026-01-29T16:31:02","modified_gmt":"2026-01-29T16:31:02","slug":"llavero-magnetico-magnemite","status":"publish","type":"product","link":"https:\/\/www.lobodachi.com\/?product=llavero-magnetico-magnemite","title":{"rendered":"Porta-Llavero Magn\u00e9tico Magnemite"},"content":{"rendered":"<p>Pok\u00e9mon Center<\/p>\n<p>Colgador de llaves magn\u00e9tico Magnemite Pok\u00e9mon\u00a0 COOL X METAL<\/p>\n<p>8 \u00d7 12.3 \u00d7 5.5 cm<\/p>\n<p>76g<\/p>\n","protected":false},"excerpt":{"rendered":"<p>Pok\u00e9mon Center Colgador de llaves magn\u00e9tico Magnemite Pok\u00e9mon\u00a0 COOL X METAL 8 \u00d7 12.3 \u00d7 5.5 cm 76g<\/p>\n","protected":false},"featured_media":5421,"template":"","meta":[],"_links":{"self":[{"href":"https:\/\/www.lobodachi.com\/index.php?rest_route=\/wp\/v2\/product\/5416"}],"collection":[{"href":"https:\/\/www.lobodachi.com\/index.php?rest_route=\/wp\/v2\/product"}],"about":[{"href":"https:\/\/www.lobodachi.com\/index.php?rest_route=\/wp\/v2\/types\/product"}],"wp:featuredmedia":[{"embeddable":true,"href":"https:\/\/www.lobodachi.com\/index.php?rest_route=\/wp\/v2\/media\/5421"}],"wp:attachment":[{"href":"https:\/\/www.lobodachi.com\/index.php?rest_route=%2Fwp%2Fv2%2Fmedia&parent=5416"}],"curies":[{"name":"wp","href":"https:\/\/api.w.org\/{rel}","templated":true}]}}