{"id":5417,"date":"2025-08-14T01:50:53","date_gmt":"2025-08-14T01:50:53","guid":{"rendered":"https:\/\/www.lobodachi.com\/?post_type=product&#038;p=5417"},"modified":"2025-08-26T14:44:23","modified_gmt":"2025-08-26T14:44:23","slug":"llavero-acrilico-bugout-pokemon-al-azar","status":"publish","type":"product","link":"https:\/\/www.lobodachi.com\/?product=llavero-acrilico-bugout-pokemon-al-azar","title":{"rendered":"Llavero Acr\u00edlico BugOut Pokemon (al azar)"},"content":{"rendered":"<p>Pok\u00e9mon Center<\/p>\n<p>Llavero de acr\u00edlico Pok\u00e9mon Bug Out!<\/p>\n<p>1 al azar de 8<\/p>\n<p>8\u00d75.2\u00d72 cm<\/p>\n<p>17g<\/p>\n","protected":false},"excerpt":{"rendered":"<p>Pok\u00e9mon Center Llavero de acr\u00edlico Pok\u00e9mon Bug Out! 1 al azar de 8 8\u00d75.2\u00d72 cm 17g<\/p>\n","protected":false},"featured_media":5423,"template":"","meta":[],"_links":{"self":[{"href":"https:\/\/www.lobodachi.com\/index.php?rest_route=\/wp\/v2\/product\/5417"}],"collection":[{"href":"https:\/\/www.lobodachi.com\/index.php?rest_route=\/wp\/v2\/product"}],"about":[{"href":"https:\/\/www.lobodachi.com\/index.php?rest_route=\/wp\/v2\/types\/product"}],"wp:featuredmedia":[{"embeddable":true,"href":"https:\/\/www.lobodachi.com\/index.php?rest_route=\/wp\/v2\/media\/5423"}],"wp:attachment":[{"href":"https:\/\/www.lobodachi.com\/index.php?rest_route=%2Fwp%2Fv2%2Fmedia&parent=5417"}],"curies":[{"name":"wp","href":"https:\/\/api.w.org\/{rel}","templated":true}]}}