{"id":5427,"date":"2025-08-14T02:24:56","date_gmt":"2025-08-14T02:24:56","guid":{"rendered":"https:\/\/www.lobodachi.com\/?post_type=product&#038;p=5427"},"modified":"2025-08-26T14:44:38","modified_gmt":"2025-08-26T14:44:38","slug":"biri-biri-violet-lp-pokemon-scarlet","status":"publish","type":"product","link":"https:\/\/www.lobodachi.com\/?product=biri-biri-violet-lp-pokemon-scarlet","title":{"rendered":"Biri-Biri Violet LP Pokemon Scarlet"},"content":{"rendered":"<p>Pok\u00e9mon Center<\/p>\n<p>Disco LP Pokemon Biri-Biri Violet Edici\u00f3n Limitada<\/p>\n<p>32\u00d732,5\u00d70,5:cm<\/p>\n<p>319g<\/p>\n","protected":false},"excerpt":{"rendered":"<p>Pok\u00e9mon Center Disco LP Pokemon Biri-Biri Violet Edici\u00f3n Limitada 32\u00d732,5\u00d70,5:cm 319g<\/p>\n","protected":false},"featured_media":5432,"template":"","meta":[],"_links":{"self":[{"href":"https:\/\/www.lobodachi.com\/index.php?rest_route=\/wp\/v2\/product\/5427"}],"collection":[{"href":"https:\/\/www.lobodachi.com\/index.php?rest_route=\/wp\/v2\/product"}],"about":[{"href":"https:\/\/www.lobodachi.com\/index.php?rest_route=\/wp\/v2\/types\/product"}],"wp:featuredmedia":[{"embeddable":true,"href":"https:\/\/www.lobodachi.com\/index.php?rest_route=\/wp\/v2\/media\/5432"}],"wp:attachment":[{"href":"https:\/\/www.lobodachi.com\/index.php?rest_route=%2Fwp%2Fv2%2Fmedia&parent=5427"}],"curies":[{"name":"wp","href":"https:\/\/api.w.org\/{rel}","templated":true}]}}