{"id":5436,"date":"2025-08-14T03:00:11","date_gmt":"2025-08-14T03:00:11","guid":{"rendered":"https:\/\/www.lobodachi.com\/?post_type=product&#038;p=5436"},"modified":"2025-08-26T14:44:48","modified_gmt":"2025-08-26T14:44:48","slug":"playmat-case-team-rocket","status":"publish","type":"product","link":"https:\/\/www.lobodachi.com\/?product=playmat-case-team-rocket","title":{"rendered":"Playmat Case Team Rocket"},"content":{"rendered":"<p>Pok\u00e9mon Center<\/p>\n<p>Case para tapete de juego Pok\u00e9mon TCG Team Rocket<\/p>\n<p>33\u00d76.3\u00d75.5 cm<\/p>\n<p>200g<\/p>\n<p>\u00a0<\/p>\n","protected":false},"excerpt":{"rendered":"<p>Pok\u00e9mon Center Case para tapete de juego Pok\u00e9mon TCG Team Rocket 33\u00d76.3\u00d75.5 cm 200g \u00a0<\/p>\n","protected":false},"featured_media":5445,"template":"","meta":[],"_links":{"self":[{"href":"https:\/\/www.lobodachi.com\/index.php?rest_route=\/wp\/v2\/product\/5436"}],"collection":[{"href":"https:\/\/www.lobodachi.com\/index.php?rest_route=\/wp\/v2\/product"}],"about":[{"href":"https:\/\/www.lobodachi.com\/index.php?rest_route=\/wp\/v2\/types\/product"}],"wp:featuredmedia":[{"embeddable":true,"href":"https:\/\/www.lobodachi.com\/index.php?rest_route=\/wp\/v2\/media\/5445"}],"wp:attachment":[{"href":"https:\/\/www.lobodachi.com\/index.php?rest_route=%2Fwp%2Fv2%2Fmedia&parent=5436"}],"curies":[{"name":"wp","href":"https:\/\/api.w.org\/{rel}","templated":true}]}}