{"id":5437,"date":"2025-08-14T03:00:11","date_gmt":"2025-08-14T03:00:11","guid":{"rendered":"https:\/\/www.lobodachi.com\/?post_type=product&#038;p=5437"},"modified":"2025-08-26T14:44:51","modified_gmt":"2025-08-26T14:44:51","slug":"doble-deck-case-team-rocket","status":"publish","type":"product","link":"https:\/\/www.lobodachi.com\/?product=doble-deck-case-team-rocket","title":{"rendered":"Doble Deck Case Team Rocket"},"content":{"rendered":"<p>Pok\u00e9mon Center<\/p>\n<p>Case para guardar cartas Pok\u00e9mon TCG Team Rocket<\/p>\n<p>Incluye 5 separadores<\/p>\n<p>24,5\u00d711,8\u00d79 cm<\/p>\n<p>318 gramos<\/p>\n","protected":false},"excerpt":{"rendered":"<p>Pok\u00e9mon Center Case para guardar cartas Pok\u00e9mon TCG Team Rocket Incluye 5 separadores 24,5\u00d711,8\u00d79 cm 318 gramos<\/p>\n","protected":false},"featured_media":5447,"template":"","meta":[],"_links":{"self":[{"href":"https:\/\/www.lobodachi.com\/index.php?rest_route=\/wp\/v2\/product\/5437"}],"collection":[{"href":"https:\/\/www.lobodachi.com\/index.php?rest_route=\/wp\/v2\/product"}],"about":[{"href":"https:\/\/www.lobodachi.com\/index.php?rest_route=\/wp\/v2\/types\/product"}],"wp:featuredmedia":[{"embeddable":true,"href":"https:\/\/www.lobodachi.com\/index.php?rest_route=\/wp\/v2\/media\/5447"}],"wp:attachment":[{"href":"https:\/\/www.lobodachi.com\/index.php?rest_route=%2Fwp%2Fv2%2Fmedia&parent=5437"}],"curies":[{"name":"wp","href":"https:\/\/api.w.org\/{rel}","templated":true}]}}