{"id":5442,"date":"2025-08-14T03:00:12","date_gmt":"2025-08-14T03:00:12","guid":{"rendered":"https:\/\/www.lobodachi.com\/?post_type=product&#038;p=5442"},"modified":"2025-08-26T14:44:53","modified_gmt":"2025-08-26T14:44:53","slug":"micas-sustituto","status":"publish","type":"product","link":"https:\/\/www.lobodachi.com\/?product=micas-sustituto","title":{"rendered":"Micas Sustituto"},"content":{"rendered":"<p>Pok\u00e9mon Center<\/p>\n<p>Micas para Cartas Pok\u00e9mon TCG Sustituto<\/p>\n<p>Incluye 64 micas<\/p>\n<p>9.2\u00d76.6\u00d70.02 cm<\/p>\n<p>1.1g<\/p>\n<p>\u00a0<\/p>\n","protected":false},"excerpt":{"rendered":"<p>Pok\u00e9mon Center Micas para Cartas Pok\u00e9mon TCG Sustituto Incluye 64 micas 9.2\u00d76.6\u00d70.02 cm 1.1g \u00a0<\/p>\n","protected":false},"featured_media":5449,"template":"","meta":[],"_links":{"self":[{"href":"https:\/\/www.lobodachi.com\/index.php?rest_route=\/wp\/v2\/product\/5442"}],"collection":[{"href":"https:\/\/www.lobodachi.com\/index.php?rest_route=\/wp\/v2\/product"}],"about":[{"href":"https:\/\/www.lobodachi.com\/index.php?rest_route=\/wp\/v2\/types\/product"}],"wp:featuredmedia":[{"embeddable":true,"href":"https:\/\/www.lobodachi.com\/index.php?rest_route=\/wp\/v2\/media\/5449"}],"wp:attachment":[{"href":"https:\/\/www.lobodachi.com\/index.php?rest_route=%2Fwp%2Fv2%2Fmedia&parent=5442"}],"curies":[{"name":"wp","href":"https:\/\/api.w.org\/{rel}","templated":true}]}}