{"id":5443,"date":"2025-08-14T03:00:13","date_gmt":"2025-08-14T03:00:13","guid":{"rendered":"https:\/\/www.lobodachi.com\/?post_type=product&#038;p=5443"},"modified":"2025-08-26T14:45:13","modified_gmt":"2025-08-26T14:45:13","slug":"pluma-pokemon-concierge-wooperquagsire","status":"publish","type":"product","link":"https:\/\/www.lobodachi.com\/?product=pluma-pokemon-concierge-wooperquagsire","title":{"rendered":"Pluma Pokemon Concierge Wooper&amp;Quagsire"},"content":{"rendered":"<p>Pok\u00e9mon Center<\/p>\n<p>Pluma Pok\u00e9mon Concierge Wooper &amp; Quagsire<\/p>\n<p>14.2\u00d71\u00d71 cm<\/p>\n<p>12g<\/p>\n","protected":false},"excerpt":{"rendered":"<p>Pok\u00e9mon Center Pluma Pok\u00e9mon Concierge Wooper &amp; Quagsire 14.2\u00d71\u00d71 cm 12g<\/p>\n","protected":false},"featured_media":5453,"template":"","meta":[],"_links":{"self":[{"href":"https:\/\/www.lobodachi.com\/index.php?rest_route=\/wp\/v2\/product\/5443"}],"collection":[{"href":"https:\/\/www.lobodachi.com\/index.php?rest_route=\/wp\/v2\/product"}],"about":[{"href":"https:\/\/www.lobodachi.com\/index.php?rest_route=\/wp\/v2\/types\/product"}],"wp:featuredmedia":[{"embeddable":true,"href":"https:\/\/www.lobodachi.com\/index.php?rest_route=\/wp\/v2\/media\/5453"}],"wp:attachment":[{"href":"https:\/\/www.lobodachi.com\/index.php?rest_route=%2Fwp%2Fv2%2Fmedia&parent=5443"}],"curies":[{"name":"wp","href":"https:\/\/api.w.org\/{rel}","templated":true}]}}