{"id":5455,"date":"2025-08-15T01:28:41","date_gmt":"2025-08-15T01:28:41","guid":{"rendered":"https:\/\/www.lobodachi.com\/?post_type=product&#038;p=5455"},"modified":"2025-08-26T14:45:15","modified_gmt":"2025-08-26T14:45:15","slug":"pluma-pokemon-concierge-wailmer","status":"publish","type":"product","link":"https:\/\/www.lobodachi.com\/?product=pluma-pokemon-concierge-wailmer","title":{"rendered":"Pluma Pokemon Concierge Wailmer"},"content":{"rendered":"<p>Pok\u00e9mon Center<\/p>\n<p>Pluma Pok\u00e9mon Concierge tienda de campa\u00f1a<\/p>\n<p>14.2\u00d71\u00d71 cm<\/p>\n<p>12g<\/p>\n<p>\u00a0<\/p>\n","protected":false},"excerpt":{"rendered":"<p>Pok\u00e9mon Center Pluma Pok\u00e9mon Concierge tienda de campa\u00f1a 14.2\u00d71\u00d71 cm 12g \u00a0<\/p>\n","protected":false},"featured_media":5461,"template":"","meta":[],"_links":{"self":[{"href":"https:\/\/www.lobodachi.com\/index.php?rest_route=\/wp\/v2\/product\/5455"}],"collection":[{"href":"https:\/\/www.lobodachi.com\/index.php?rest_route=\/wp\/v2\/product"}],"about":[{"href":"https:\/\/www.lobodachi.com\/index.php?rest_route=\/wp\/v2\/types\/product"}],"wp:featuredmedia":[{"embeddable":true,"href":"https:\/\/www.lobodachi.com\/index.php?rest_route=\/wp\/v2\/media\/5461"}],"wp:attachment":[{"href":"https:\/\/www.lobodachi.com\/index.php?rest_route=%2Fwp%2Fv2%2Fmedia&parent=5455"}],"curies":[{"name":"wp","href":"https:\/\/api.w.org\/{rel}","templated":true}]}}