{"id":5458,"date":"2025-08-15T01:28:42","date_gmt":"2025-08-15T01:28:42","guid":{"rendered":"https:\/\/www.lobodachi.com\/?post_type=product&#038;p=5458"},"modified":"2025-08-26T14:45:21","modified_gmt":"2025-08-26T14:45:21","slug":"libreta-b6-goldsilver-collection","status":"publish","type":"product","link":"https:\/\/www.lobodachi.com\/?product=libreta-b6-goldsilver-collection","title":{"rendered":"Libreta B6 Gold&amp;Silver Collection"},"content":{"rendered":"<p>Pok\u00e9mon Center<\/p>\n<p>Cuaderno de anillos B6 Pok\u00e9mon Gold &amp; Silver<\/p>\n<p>18.2\u00d713.6\u00d71.3 cm<\/p>\n<p>188g<\/p>\n","protected":false},"excerpt":{"rendered":"<p>Pok\u00e9mon Center Cuaderno de anillos B6 Pok\u00e9mon Gold &amp; Silver 18.2\u00d713.6\u00d71.3 cm 188g<\/p>\n","protected":false},"featured_media":5465,"template":"","meta":[],"_links":{"self":[{"href":"https:\/\/www.lobodachi.com\/index.php?rest_route=\/wp\/v2\/product\/5458"}],"collection":[{"href":"https:\/\/www.lobodachi.com\/index.php?rest_route=\/wp\/v2\/product"}],"about":[{"href":"https:\/\/www.lobodachi.com\/index.php?rest_route=\/wp\/v2\/types\/product"}],"wp:featuredmedia":[{"embeddable":true,"href":"https:\/\/www.lobodachi.com\/index.php?rest_route=\/wp\/v2\/media\/5465"}],"wp:attachment":[{"href":"https:\/\/www.lobodachi.com\/index.php?rest_route=%2Fwp%2Fv2%2Fmedia&parent=5458"}],"curies":[{"name":"wp","href":"https:\/\/api.w.org\/{rel}","templated":true}]}}