{"id":5470,"date":"2025-08-15T02:12:00","date_gmt":"2025-08-15T02:12:00","guid":{"rendered":"https:\/\/www.lobodachi.com\/?post_type=product&#038;p=5470"},"modified":"2025-08-26T14:45:44","modified_gmt":"2025-08-26T14:45:44","slug":"doble-set-stickers-jigglypuff-rowlet","status":"publish","type":"product","link":"https:\/\/www.lobodachi.com\/?product=doble-set-stickers-jigglypuff-rowlet","title":{"rendered":"Doble Set Stickers Jigglypuff &amp; Rowlet"},"content":{"rendered":"<p>Pok\u00e9mon Center<\/p>\n<p>Set de Stickers Jigglypuff &amp; Rowlet<\/p>\n<p>10\u00d710\u00d70.025cm<\/p>\n","protected":false},"excerpt":{"rendered":"<p>Pok\u00e9mon Center Set de Stickers Jigglypuff &amp; Rowlet 10\u00d710\u00d70.025cm<\/p>\n","protected":false},"featured_media":5475,"template":"","meta":[],"_links":{"self":[{"href":"https:\/\/www.lobodachi.com\/index.php?rest_route=\/wp\/v2\/product\/5470"}],"collection":[{"href":"https:\/\/www.lobodachi.com\/index.php?rest_route=\/wp\/v2\/product"}],"about":[{"href":"https:\/\/www.lobodachi.com\/index.php?rest_route=\/wp\/v2\/types\/product"}],"wp:featuredmedia":[{"embeddable":true,"href":"https:\/\/www.lobodachi.com\/index.php?rest_route=\/wp\/v2\/media\/5475"}],"wp:attachment":[{"href":"https:\/\/www.lobodachi.com\/index.php?rest_route=%2Fwp%2Fv2%2Fmedia&parent=5470"}],"curies":[{"name":"wp","href":"https:\/\/api.w.org\/{rel}","templated":true}]}}