{"id":5477,"date":"2025-08-15T03:02:06","date_gmt":"2025-08-15T03:02:06","guid":{"rendered":"https:\/\/www.lobodachi.com\/?post_type=product&#038;p=5477"},"modified":"2025-08-26T14:45:54","modified_gmt":"2025-08-26T14:45:54","slug":"otenki-team-pokemon-llavero-acrilico-al-azar","status":"publish","type":"product","link":"https:\/\/www.lobodachi.com\/?product=otenki-team-pokemon-llavero-acrilico-al-azar","title":{"rendered":"Otenki Team Pokemon Llavero acr\u00edlico (al azar)"},"content":{"rendered":"<p>Pok\u00e9mon Center<\/p>\n<p>Llavero de Acr\u00edlico Pok\u00e9mon Otenki Team<\/p>\n<p>1 al azar de 8 diferentes<\/p>\n<p>7.5\u00d70.5\u00d76.6 cm<\/p>\n<p>19g<\/p>\n","protected":false},"excerpt":{"rendered":"<p>Pok\u00e9mon Center Llavero de Acr\u00edlico Pok\u00e9mon Otenki Team 1 al azar de 8 diferentes 7.5\u00d70.5\u00d76.6 cm 19g<\/p>\n","protected":false},"featured_media":5483,"template":"","meta":[],"_links":{"self":[{"href":"https:\/\/www.lobodachi.com\/index.php?rest_route=\/wp\/v2\/product\/5477"}],"collection":[{"href":"https:\/\/www.lobodachi.com\/index.php?rest_route=\/wp\/v2\/product"}],"about":[{"href":"https:\/\/www.lobodachi.com\/index.php?rest_route=\/wp\/v2\/types\/product"}],"wp:featuredmedia":[{"embeddable":true,"href":"https:\/\/www.lobodachi.com\/index.php?rest_route=\/wp\/v2\/media\/5483"}],"wp:attachment":[{"href":"https:\/\/www.lobodachi.com\/index.php?rest_route=%2Fwp%2Fv2%2Fmedia&parent=5477"}],"curies":[{"name":"wp","href":"https:\/\/api.w.org\/{rel}","templated":true}]}}