{"id":5490,"date":"2025-08-15T20:03:36","date_gmt":"2025-08-15T20:03:36","guid":{"rendered":"https:\/\/www.lobodachi.com\/?post_type=product&#038;p=5490"},"modified":"2026-02-06T21:17:41","modified_gmt":"2026-02-06T21:17:41","slug":"aretes-trainers-lono","status":"publish","type":"product","link":"https:\/\/www.lobodachi.com\/?product=aretes-trainers-lono","title":{"rendered":"Aretes Trainers Lono"},"content":{"rendered":"<p>Pok\u00e9mon Center<\/p>\n<p>Aretes Iono<\/p>\n<p>5.6\u00d72.2\u00d72 cm<\/p>\n<p>3g cada uno<\/p>\n<p>\u00a0<\/p>\n","protected":false},"excerpt":{"rendered":"<p>Pok\u00e9mon Center Aretes Iono 5.6\u00d72.2\u00d72 cm 3g cada uno \u00a0<\/p>\n","protected":false},"featured_media":5492,"template":"","meta":[],"_links":{"self":[{"href":"https:\/\/www.lobodachi.com\/index.php?rest_route=\/wp\/v2\/product\/5490"}],"collection":[{"href":"https:\/\/www.lobodachi.com\/index.php?rest_route=\/wp\/v2\/product"}],"about":[{"href":"https:\/\/www.lobodachi.com\/index.php?rest_route=\/wp\/v2\/types\/product"}],"wp:featuredmedia":[{"embeddable":true,"href":"https:\/\/www.lobodachi.com\/index.php?rest_route=\/wp\/v2\/media\/5492"}],"wp:attachment":[{"href":"https:\/\/www.lobodachi.com\/index.php?rest_route=%2Fwp%2Fv2%2Fmedia&parent=5490"}],"curies":[{"name":"wp","href":"https:\/\/api.w.org\/{rel}","templated":true}]}}