{"id":5512,"date":"2025-08-18T19:19:05","date_gmt":"2025-08-18T19:19:05","guid":{"rendered":"https:\/\/www.lobodachi.com\/?post_type=product&#038;p=5512"},"modified":"2025-08-26T14:46:25","modified_gmt":"2025-08-26T14:46:25","slug":"guantes-rika-pokemon-trainer","status":"publish","type":"product","link":"https:\/\/www.lobodachi.com\/?product=guantes-rika-pokemon-trainer","title":{"rendered":"Guantes Rika Pokemon Trainer"},"content":{"rendered":"<p>Pok\u00e9mon Center<\/p>\n<p>Guantes Entrenadora Elite Rika<\/p>\n<p>21\u00d79\u00d70.8: cm<\/p>\n<p>39g<\/p>\n<p>\u00a0<\/p>\n","protected":false},"excerpt":{"rendered":"<p>Pok\u00e9mon Center Guantes Entrenadora Elite Rika 21\u00d79\u00d70.8: cm 39g \u00a0<\/p>\n","protected":false},"featured_media":5517,"template":"","meta":[],"_links":{"self":[{"href":"https:\/\/www.lobodachi.com\/index.php?rest_route=\/wp\/v2\/product\/5512"}],"collection":[{"href":"https:\/\/www.lobodachi.com\/index.php?rest_route=\/wp\/v2\/product"}],"about":[{"href":"https:\/\/www.lobodachi.com\/index.php?rest_route=\/wp\/v2\/types\/product"}],"wp:featuredmedia":[{"embeddable":true,"href":"https:\/\/www.lobodachi.com\/index.php?rest_route=\/wp\/v2\/media\/5517"}],"wp:attachment":[{"href":"https:\/\/www.lobodachi.com\/index.php?rest_route=%2Fwp%2Fv2%2Fmedia&parent=5512"}],"curies":[{"name":"wp","href":"https:\/\/api.w.org\/{rel}","templated":true}]}}