{"id":5544,"date":"2025-08-18T20:48:41","date_gmt":"2025-08-18T20:48:41","guid":{"rendered":"https:\/\/www.lobodachi.com\/?post_type=product&#038;p=5544"},"modified":"2025-09-05T16:04:51","modified_gmt":"2025-09-05T16:04:51","slug":"llaverito-pokemon-easter-al-azar","status":"publish","type":"product","link":"https:\/\/www.lobodachi.com\/?product=llaverito-pokemon-easter-al-azar","title":{"rendered":"Llaverito Pokemon Easter (al azar)"},"content":{"rendered":"<p>Pok\u00e9mon Center<\/p>\n<p>Llavero de Acr\u00edlico Pok\u00e9mon Easter Garden Party<\/p>\n<p>1 al azar de 8<\/p>\n<p>\u00a0<\/p>\n","protected":false},"excerpt":{"rendered":"<p>Pok\u00e9mon Center Llavero de Acr\u00edlico Pok\u00e9mon Easter Garden Party 1 al azar de 8 \u00a0<\/p>\n","protected":false},"featured_media":5552,"template":"","meta":[],"_links":{"self":[{"href":"https:\/\/www.lobodachi.com\/index.php?rest_route=\/wp\/v2\/product\/5544"}],"collection":[{"href":"https:\/\/www.lobodachi.com\/index.php?rest_route=\/wp\/v2\/product"}],"about":[{"href":"https:\/\/www.lobodachi.com\/index.php?rest_route=\/wp\/v2\/types\/product"}],"wp:featuredmedia":[{"embeddable":true,"href":"https:\/\/www.lobodachi.com\/index.php?rest_route=\/wp\/v2\/media\/5552"}],"wp:attachment":[{"href":"https:\/\/www.lobodachi.com\/index.php?rest_route=%2Fwp%2Fv2%2Fmedia&parent=5544"}],"curies":[{"name":"wp","href":"https:\/\/api.w.org\/{rel}","templated":true}]}}