{"id":5578,"date":"2025-08-19T21:23:12","date_gmt":"2025-08-19T21:23:12","guid":{"rendered":"https:\/\/www.lobodachi.com\/?post_type=product&#038;p=5578"},"modified":"2025-09-05T16:06:03","modified_gmt":"2025-09-05T16:06:03","slug":"micas-leafeon-tcg","status":"publish","type":"product","link":"https:\/\/www.lobodachi.com\/?product=micas-leafeon-tcg","title":{"rendered":"Micas Leafeon TCG"},"content":{"rendered":"<p>Pok\u00e9mon Center<\/p>\n<p>Micas Leafeon Pok\u00e9mon TCG<\/p>\n<p>Incluye 64 Micas<\/p>\n<p>9.2\u00d76.6\u00d70.02 cm<\/p>\n<p>\u00a0<\/p>\n","protected":false},"excerpt":{"rendered":"<p>Pok\u00e9mon Center Micas Leafeon Pok\u00e9mon TCG Incluye 64 Micas 9.2\u00d76.6\u00d70.02 cm \u00a0<\/p>\n","protected":false},"featured_media":5583,"template":"","meta":[],"_links":{"self":[{"href":"https:\/\/www.lobodachi.com\/index.php?rest_route=\/wp\/v2\/product\/5578"}],"collection":[{"href":"https:\/\/www.lobodachi.com\/index.php?rest_route=\/wp\/v2\/product"}],"about":[{"href":"https:\/\/www.lobodachi.com\/index.php?rest_route=\/wp\/v2\/types\/product"}],"wp:featuredmedia":[{"embeddable":true,"href":"https:\/\/www.lobodachi.com\/index.php?rest_route=\/wp\/v2\/media\/5583"}],"wp:attachment":[{"href":"https:\/\/www.lobodachi.com\/index.php?rest_route=%2Fwp%2Fv2%2Fmedia&parent=5578"}],"curies":[{"name":"wp","href":"https:\/\/api.w.org\/{rel}","templated":true}]}}