{"id":5580,"date":"2025-08-19T21:23:13","date_gmt":"2025-08-19T21:23:13","guid":{"rendered":"https:\/\/www.lobodachi.com\/?post_type=product&#038;p=5580"},"modified":"2025-09-05T16:06:01","modified_gmt":"2025-09-05T16:06:01","slug":"micas-experiment-deck-pokemon-tcg","status":"publish","type":"product","link":"https:\/\/www.lobodachi.com\/?product=micas-experiment-deck-pokemon-tcg","title":{"rendered":"Micas Experiment Deck Pokemon TCG"},"content":{"rendered":"<p>Pok\u00e9mon Center<\/p>\n<p>Micas Laboratorio de Ciencias Pok\u00e9mon TCG<\/p>\n<p>Incluye 64 Micas<\/p>\n<p>9.2\u00d76.6\u00d70.02 cm<\/p>\n<p>\u00a0<\/p>\n","protected":false},"excerpt":{"rendered":"<p>Pok\u00e9mon Center Micas Laboratorio de Ciencias Pok\u00e9mon TCG Incluye 64 Micas 9.2\u00d76.6\u00d70.02 cm \u00a0<\/p>\n","protected":false},"featured_media":5587,"template":"","meta":[],"_links":{"self":[{"href":"https:\/\/www.lobodachi.com\/index.php?rest_route=\/wp\/v2\/product\/5580"}],"collection":[{"href":"https:\/\/www.lobodachi.com\/index.php?rest_route=\/wp\/v2\/product"}],"about":[{"href":"https:\/\/www.lobodachi.com\/index.php?rest_route=\/wp\/v2\/types\/product"}],"wp:featuredmedia":[{"embeddable":true,"href":"https:\/\/www.lobodachi.com\/index.php?rest_route=\/wp\/v2\/media\/5587"}],"wp:attachment":[{"href":"https:\/\/www.lobodachi.com\/index.php?rest_route=%2Fwp%2Fv2%2Fmedia&parent=5580"}],"curies":[{"name":"wp","href":"https:\/\/api.w.org\/{rel}","templated":true}]}}