{"id":5589,"date":"2025-08-19T21:44:40","date_gmt":"2025-08-19T21:44:40","guid":{"rendered":"https:\/\/www.lobodachi.com\/?post_type=product&#038;p=5589"},"modified":"2025-09-05T16:05:53","modified_gmt":"2025-09-05T16:05:53","slug":"micas-greninja-midnight-cinema","status":"publish","type":"product","link":"https:\/\/www.lobodachi.com\/?product=micas-greninja-midnight-cinema","title":{"rendered":"Micas Greninja Midnight Cinema"},"content":{"rendered":"<p>Pok\u00e9mon Center<\/p>\n<p>Micas Greeninja Midnight agent:The Cinema Pok\u00e9mon TCG<\/p>\n<p>Incluye 64 Micas<\/p>\n<p>9.2\u00d76.6\u00d70.02 cm<\/p>\n<p>1.1g<\/p>\n","protected":false},"excerpt":{"rendered":"<p>Pok\u00e9mon Center Micas Greeninja Midnight agent:The Cinema Pok\u00e9mon TCG Incluye 64 Micas 9.2\u00d76.6\u00d70.02 cm 1.1g<\/p>\n","protected":false},"featured_media":5593,"template":"","meta":[],"_links":{"self":[{"href":"https:\/\/www.lobodachi.com\/index.php?rest_route=\/wp\/v2\/product\/5589"}],"collection":[{"href":"https:\/\/www.lobodachi.com\/index.php?rest_route=\/wp\/v2\/product"}],"about":[{"href":"https:\/\/www.lobodachi.com\/index.php?rest_route=\/wp\/v2\/types\/product"}],"wp:featuredmedia":[{"embeddable":true,"href":"https:\/\/www.lobodachi.com\/index.php?rest_route=\/wp\/v2\/media\/5593"}],"wp:attachment":[{"href":"https:\/\/www.lobodachi.com\/index.php?rest_route=%2Fwp%2Fv2%2Fmedia&parent=5589"}],"curies":[{"name":"wp","href":"https:\/\/api.w.org\/{rel}","templated":true}]}}