{"id":5599,"date":"2025-08-19T22:01:43","date_gmt":"2025-08-19T22:01:43","guid":{"rendered":"https:\/\/www.lobodachi.com\/?post_type=product&#038;p=5599"},"modified":"2025-09-05T16:06:34","modified_gmt":"2025-09-05T16:06:34","slug":"doble-deck-case-cool-x-metal-tcg","status":"publish","type":"product","link":"https:\/\/www.lobodachi.com\/?product=doble-deck-case-cool-x-metal-tcg","title":{"rendered":"Doble Deck Case Cool x Metal TCG"},"content":{"rendered":"<p>Pok\u00e9mon Center<\/p>\n<p>Double deck Case Pok\u00e9mon COOL X METAL<\/p>\n<p>10.3\u00d715.2\u00d75.8cm\u3000<\/p>\n<p>189g<\/p>\n","protected":false},"excerpt":{"rendered":"<p>Pok\u00e9mon Center Double deck Case Pok\u00e9mon COOL X METAL 10.3\u00d715.2\u00d75.8cm\u3000 189g<\/p>\n","protected":false},"featured_media":5603,"template":"","meta":[],"_links":{"self":[{"href":"https:\/\/www.lobodachi.com\/index.php?rest_route=\/wp\/v2\/product\/5599"}],"collection":[{"href":"https:\/\/www.lobodachi.com\/index.php?rest_route=\/wp\/v2\/product"}],"about":[{"href":"https:\/\/www.lobodachi.com\/index.php?rest_route=\/wp\/v2\/types\/product"}],"wp:featuredmedia":[{"embeddable":true,"href":"https:\/\/www.lobodachi.com\/index.php?rest_route=\/wp\/v2\/media\/5603"}],"wp:attachment":[{"href":"https:\/\/www.lobodachi.com\/index.php?rest_route=%2Fwp%2Fv2%2Fmedia&parent=5599"}],"curies":[{"name":"wp","href":"https:\/\/api.w.org\/{rel}","templated":true}]}}