{"id":5620,"date":"2025-08-20T17:59:42","date_gmt":"2025-08-20T17:59:42","guid":{"rendered":"https:\/\/www.lobodachi.com\/?post_type=product&#038;p=5620"},"modified":"2025-09-05T16:06:59","modified_gmt":"2025-09-05T16:06:59","slug":"kit-de-excavacion-pokemon","status":"publish","type":"product","link":"https:\/\/www.lobodachi.com\/?product=kit-de-excavacion-pokemon","title":{"rendered":"Kit de excavaci\u00f3n Pokemon"},"content":{"rendered":"<p>Pok\u00e9mon Center<\/p>\n<p>Kit de excavaci\u00f3n de f\u00f3siles Pok\u00e9mon<\/p>\n<p>5.2\u00d715\u00d712cm<\/p>\n<p>460g<\/p>\n","protected":false},"excerpt":{"rendered":"<p>Pok\u00e9mon Center Kit de excavaci\u00f3n de f\u00f3siles Pok\u00e9mon 5.2\u00d715\u00d712cm 460g<\/p>\n","protected":false},"featured_media":5626,"template":"","meta":[],"_links":{"self":[{"href":"https:\/\/www.lobodachi.com\/index.php?rest_route=\/wp\/v2\/product\/5620"}],"collection":[{"href":"https:\/\/www.lobodachi.com\/index.php?rest_route=\/wp\/v2\/product"}],"about":[{"href":"https:\/\/www.lobodachi.com\/index.php?rest_route=\/wp\/v2\/types\/product"}],"wp:featuredmedia":[{"embeddable":true,"href":"https:\/\/www.lobodachi.com\/index.php?rest_route=\/wp\/v2\/media\/5626"}],"wp:attachment":[{"href":"https:\/\/www.lobodachi.com\/index.php?rest_route=%2Fwp%2Fv2%2Fmedia&parent=5620"}],"curies":[{"name":"wp","href":"https:\/\/api.w.org\/{rel}","templated":true}]}}