{"id":5628,"date":"2025-08-20T18:30:46","date_gmt":"2025-08-20T18:30:46","guid":{"rendered":"https:\/\/www.lobodachi.com\/?post_type=product&#038;p=5628"},"modified":"2025-09-05T16:06:51","modified_gmt":"2025-09-05T16:06:51","slug":"togepi-plush-tamano-real","status":"publish","type":"product","link":"https:\/\/www.lobodachi.com\/?product=togepi-plush-tamano-real","title":{"rendered":"Togepi Plush Tama\u00f1o Real"},"content":{"rendered":"<p>Pok\u00e9mon Center<\/p>\n<p>Plush Togepi Tama\u00f1o Real<\/p>\n<p>33\u00d728\u00d728:cm\u3000<\/p>\n<p>440g<\/p>\n","protected":false},"excerpt":{"rendered":"<p>Pok\u00e9mon Center Plush Togepi Tama\u00f1o Real 33\u00d728\u00d728:cm\u3000 440g<\/p>\n","protected":false},"featured_media":5634,"template":"","meta":[],"_links":{"self":[{"href":"https:\/\/www.lobodachi.com\/index.php?rest_route=\/wp\/v2\/product\/5628"}],"collection":[{"href":"https:\/\/www.lobodachi.com\/index.php?rest_route=\/wp\/v2\/product"}],"about":[{"href":"https:\/\/www.lobodachi.com\/index.php?rest_route=\/wp\/v2\/types\/product"}],"wp:featuredmedia":[{"embeddable":true,"href":"https:\/\/www.lobodachi.com\/index.php?rest_route=\/wp\/v2\/media\/5634"}],"wp:attachment":[{"href":"https:\/\/www.lobodachi.com\/index.php?rest_route=%2Fwp%2Fv2%2Fmedia&parent=5628"}],"curies":[{"name":"wp","href":"https:\/\/api.w.org\/{rel}","templated":true}]}}