{"id":5629,"date":"2025-08-20T18:30:46","date_gmt":"2025-08-20T18:30:46","guid":{"rendered":"https:\/\/www.lobodachi.com\/?post_type=product&#038;p=5629"},"modified":"2025-09-05T16:06:53","modified_gmt":"2025-09-05T16:06:53","slug":"micas-tcg-acerola","status":"publish","type":"product","link":"https:\/\/www.lobodachi.com\/?product=micas-tcg-acerola","title":{"rendered":"Micas TCG Acerola"},"content":{"rendered":"<p>Pok\u00e9mon Center<\/p>\n<p>Micas Acerola Pok\u00e9mon TCG<\/p>\n<p>Incluye 64 Micas<\/p>\n<p>9.2\u00d76.6\u00d70.02 cm<\/p>\n<p>1.1g<\/p>\n","protected":false},"excerpt":{"rendered":"<p>Pok\u00e9mon Center Micas Acerola Pok\u00e9mon TCG Incluye 64 Micas 9.2\u00d76.6\u00d70.02 cm 1.1g<\/p>\n","protected":false},"featured_media":5633,"template":"","meta":[],"_links":{"self":[{"href":"https:\/\/www.lobodachi.com\/index.php?rest_route=\/wp\/v2\/product\/5629"}],"collection":[{"href":"https:\/\/www.lobodachi.com\/index.php?rest_route=\/wp\/v2\/product"}],"about":[{"href":"https:\/\/www.lobodachi.com\/index.php?rest_route=\/wp\/v2\/types\/product"}],"wp:featuredmedia":[{"embeddable":true,"href":"https:\/\/www.lobodachi.com\/index.php?rest_route=\/wp\/v2\/media\/5633"}],"wp:attachment":[{"href":"https:\/\/www.lobodachi.com\/index.php?rest_route=%2Fwp%2Fv2%2Fmedia&parent=5629"}],"curies":[{"name":"wp","href":"https:\/\/api.w.org\/{rel}","templated":true}]}}