{"id":5630,"date":"2025-08-20T18:30:47","date_gmt":"2025-08-20T18:30:47","guid":{"rendered":"https:\/\/www.lobodachi.com\/?post_type=product&#038;p=5630"},"modified":"2025-09-05T16:06:49","modified_gmt":"2025-09-05T16:06:49","slug":"mono-clip-para-cabello-trainers","status":"publish","type":"product","link":"https:\/\/www.lobodachi.com\/?product=mono-clip-para-cabello-trainers","title":{"rendered":"Mo\u00f1o Clip para cabello Trainers"},"content":{"rendered":"<p>Pok\u00e9mon Center<\/p>\n<p>Mo\u00f1o Clip para cabello e-nigma(Iono)<\/p>\n<p>14.7\u00d713\u00d74.8:cm\u3000<\/p>\n<p>30g<\/p>\n<p>\u00a0<\/p>\n","protected":false},"excerpt":{"rendered":"<p>Pok\u00e9mon Center Mo\u00f1o Clip para cabello e-nigma(Iono) 14.7\u00d713\u00d74.8:cm\u3000 30g \u00a0<\/p>\n","protected":false},"featured_media":5635,"template":"","meta":[],"_links":{"self":[{"href":"https:\/\/www.lobodachi.com\/index.php?rest_route=\/wp\/v2\/product\/5630"}],"collection":[{"href":"https:\/\/www.lobodachi.com\/index.php?rest_route=\/wp\/v2\/product"}],"about":[{"href":"https:\/\/www.lobodachi.com\/index.php?rest_route=\/wp\/v2\/types\/product"}],"wp:featuredmedia":[{"embeddable":true,"href":"https:\/\/www.lobodachi.com\/index.php?rest_route=\/wp\/v2\/media\/5635"}],"wp:attachment":[{"href":"https:\/\/www.lobodachi.com\/index.php?rest_route=%2Fwp%2Fv2%2Fmedia&parent=5630"}],"curies":[{"name":"wp","href":"https:\/\/api.w.org\/{rel}","templated":true}]}}