{"id":5641,"date":"2025-08-20T18:51:03","date_gmt":"2025-08-20T18:51:03","guid":{"rendered":"https:\/\/www.lobodachi.com\/?post_type=product&#038;p=5641"},"modified":"2025-09-05T16:07:21","modified_gmt":"2025-09-05T16:07:21","slug":"aretes-trainers-lono-lobulo-no-perforado","status":"publish","type":"product","link":"https:\/\/www.lobodachi.com\/?product=aretes-trainers-lono-lobulo-no-perforado","title":{"rendered":"Aretes Trainers Lono (l\u00f3bulo no perforado)"},"content":{"rendered":"<p>Pok\u00e9mon Center<\/p>\n<p>Aretes Entrenadora Iono para l\u00f3bulo no perforado<\/p>\n<p>5.6\u00d72.2\u00d72 cm<\/p>\n<p>4g *cada uno<\/p>\n","protected":false},"excerpt":{"rendered":"<p>Pok\u00e9mon Center Aretes Entrenadora Iono para l\u00f3bulo no perforado 5.6\u00d72.2\u00d72 cm 4g *cada uno<\/p>\n","protected":false},"featured_media":5649,"template":"","meta":[],"_links":{"self":[{"href":"https:\/\/www.lobodachi.com\/index.php?rest_route=\/wp\/v2\/product\/5641"}],"collection":[{"href":"https:\/\/www.lobodachi.com\/index.php?rest_route=\/wp\/v2\/product"}],"about":[{"href":"https:\/\/www.lobodachi.com\/index.php?rest_route=\/wp\/v2\/types\/product"}],"wp:featuredmedia":[{"embeddable":true,"href":"https:\/\/www.lobodachi.com\/index.php?rest_route=\/wp\/v2\/media\/5649"}],"wp:attachment":[{"href":"https:\/\/www.lobodachi.com\/index.php?rest_route=%2Fwp%2Fv2%2Fmedia&parent=5641"}],"curies":[{"name":"wp","href":"https:\/\/api.w.org\/{rel}","templated":true}]}}