{"id":5643,"date":"2025-08-20T18:51:03","date_gmt":"2025-08-20T18:51:03","guid":{"rendered":"https:\/\/www.lobodachi.com\/?post_type=product&#038;p=5643"},"modified":"2025-09-09T02:33:37","modified_gmt":"2025-09-09T02:33:37","slug":"cover-para-pasarporte-pokemons-journey","status":"publish","type":"product","link":"https:\/\/www.lobodachi.com\/?product=cover-para-pasarporte-pokemons-journey","title":{"rendered":"Cover para Pasarporte Pokemon&#8217;s Journey"},"content":{"rendered":"<p>Pok\u00e9mon Center<\/p>\n<p>Case para Pasaporte Pok\u00e9mon&#8217;s Journey<\/p>\n<p>14.5\u00d711.5\u00d71.5cm\u3000<\/p>\n<p>90g<\/p>\n","protected":false},"excerpt":{"rendered":"<p>Pok\u00e9mon Center Case para Pasaporte Pok\u00e9mon&#8217;s Journey 14.5\u00d711.5\u00d71.5cm\u3000 90g<\/p>\n","protected":false},"featured_media":5652,"template":"","meta":[],"_links":{"self":[{"href":"https:\/\/www.lobodachi.com\/index.php?rest_route=\/wp\/v2\/product\/5643"}],"collection":[{"href":"https:\/\/www.lobodachi.com\/index.php?rest_route=\/wp\/v2\/product"}],"about":[{"href":"https:\/\/www.lobodachi.com\/index.php?rest_route=\/wp\/v2\/types\/product"}],"wp:featuredmedia":[{"embeddable":true,"href":"https:\/\/www.lobodachi.com\/index.php?rest_route=\/wp\/v2\/media\/5652"}],"wp:attachment":[{"href":"https:\/\/www.lobodachi.com\/index.php?rest_route=%2Fwp%2Fv2%2Fmedia&parent=5643"}],"curies":[{"name":"wp","href":"https:\/\/api.w.org\/{rel}","templated":true}]}}