{"id":5912,"date":"2026-04-25T16:35:37","date_gmt":"2026-04-25T16:35:37","guid":{"rendered":"https:\/\/www.lobodachi.com\/?post_type=product&#038;p=5912"},"modified":"2026-04-30T15:39:50","modified_gmt":"2026-04-30T15:39:50","slug":"applin-morralito-plush","status":"publish","type":"product","link":"https:\/\/www.lobodachi.com\/?product=applin-morralito-plush","title":{"rendered":"Applin Morralito Plush"},"content":{"rendered":"<p>Pok\u00e9mon Center<\/p>\n<p>Bolsa con Cord\u00f3n Applin Plush<\/p>\n<p>23\u00d716\u00d723 cm<\/p>\n<p>60 g<\/p>\n<p>\u00a0<\/p>\n","protected":false},"excerpt":{"rendered":"<p>Pok\u00e9mon Center Bolsa con Cord\u00f3n Applin Plush 23\u00d716\u00d723 cm 60 g \u00a0<\/p>\n","protected":false},"featured_media":5928,"template":"","meta":[],"_links":{"self":[{"href":"https:\/\/www.lobodachi.com\/index.php?rest_route=\/wp\/v2\/product\/5912"}],"collection":[{"href":"https:\/\/www.lobodachi.com\/index.php?rest_route=\/wp\/v2\/product"}],"about":[{"href":"https:\/\/www.lobodachi.com\/index.php?rest_route=\/wp\/v2\/types\/product"}],"wp:featuredmedia":[{"embeddable":true,"href":"https:\/\/www.lobodachi.com\/index.php?rest_route=\/wp\/v2\/media\/5928"}],"wp:attachment":[{"href":"https:\/\/www.lobodachi.com\/index.php?rest_route=%2Fwp%2Fv2%2Fmedia&parent=5912"}],"curies":[{"name":"wp","href":"https:\/\/api.w.org\/{rel}","templated":true}]}}