{"id":5913,"date":"2026-04-25T16:35:37","date_gmt":"2026-04-25T16:35:37","guid":{"rendered":"https:\/\/www.lobodachi.com\/?post_type=product&#038;p=5913"},"modified":"2026-04-30T18:09:28","modified_gmt":"2026-04-30T18:09:28","slug":"mini-bowl-halloween-ghost-chateau-pokemon","status":"publish","type":"product","link":"https:\/\/www.lobodachi.com\/?product=mini-bowl-halloween-ghost-chateau-pokemon","title":{"rendered":"Mini Bowl Halloween Ghost Chateau Pokemon"},"content":{"rendered":"<p>Pok\u00e9mon Center<\/p>\n<p>Mini Bowl Pok\u00e9mon Halloween Ghost Chateau Teddiursa<\/p>\n<p>11\u00d713\u00d79.5 cm<\/p>\n<p>213 g<\/p>\n","protected":false},"excerpt":{"rendered":"<p>Pok\u00e9mon Center Mini Bowl Pok\u00e9mon Halloween Ghost Chateau Teddiursa 11\u00d713\u00d79.5 cm 213 g<\/p>\n","protected":false},"featured_media":5922,"template":"","meta":[],"_links":{"self":[{"href":"https:\/\/www.lobodachi.com\/index.php?rest_route=\/wp\/v2\/product\/5913"}],"collection":[{"href":"https:\/\/www.lobodachi.com\/index.php?rest_route=\/wp\/v2\/product"}],"about":[{"href":"https:\/\/www.lobodachi.com\/index.php?rest_route=\/wp\/v2\/types\/product"}],"wp:featuredmedia":[{"embeddable":true,"href":"https:\/\/www.lobodachi.com\/index.php?rest_route=\/wp\/v2\/media\/5922"}],"wp:attachment":[{"href":"https:\/\/www.lobodachi.com\/index.php?rest_route=%2Fwp%2Fv2%2Fmedia&parent=5913"}],"curies":[{"name":"wp","href":"https:\/\/api.w.org\/{rel}","templated":true}]}}