{"id":5925,"date":"2026-04-25T18:26:32","date_gmt":"2026-04-25T18:26:32","guid":{"rendered":"https:\/\/www.lobodachi.com\/?post_type=product&#038;p=5925"},"modified":"2026-04-30T15:40:07","modified_gmt":"2026-04-30T15:40:07","slug":"taza-pokemon-x-hiroshima-sanfrecce","status":"publish","type":"product","link":"https:\/\/www.lobodachi.com\/?product=taza-pokemon-x-hiroshima-sanfrecce","title":{"rendered":"Taza Pokemon x Hiroshima Sanfrecce"},"content":{"rendered":"<p>Pok\u00e9mon Center<\/p>\n<p>Taza de cer\u00e1mica Pok\u00e9mon X Hiroshima Sanfrecce<\/p>\n<p>11,6\u00d78\u00d79 cm<\/p>\n<p>318 g<\/p>\n","protected":false},"excerpt":{"rendered":"<p>Pok\u00e9mon Center Taza de cer\u00e1mica Pok\u00e9mon X Hiroshima Sanfrecce 11,6\u00d78\u00d79 cm 318 g<\/p>\n","protected":false},"featured_media":5931,"template":"","meta":[],"_links":{"self":[{"href":"https:\/\/www.lobodachi.com\/index.php?rest_route=\/wp\/v2\/product\/5925"}],"collection":[{"href":"https:\/\/www.lobodachi.com\/index.php?rest_route=\/wp\/v2\/product"}],"about":[{"href":"https:\/\/www.lobodachi.com\/index.php?rest_route=\/wp\/v2\/types\/product"}],"wp:featuredmedia":[{"embeddable":true,"href":"https:\/\/www.lobodachi.com\/index.php?rest_route=\/wp\/v2\/media\/5931"}],"wp:attachment":[{"href":"https:\/\/www.lobodachi.com\/index.php?rest_route=%2Fwp%2Fv2%2Fmedia&parent=5925"}],"curies":[{"name":"wp","href":"https:\/\/api.w.org\/{rel}","templated":true}]}}