{"id":5927,"date":"2026-04-25T18:26:32","date_gmt":"2026-04-25T18:26:32","guid":{"rendered":"https:\/\/www.lobodachi.com\/?post_type=product&#038;p=5927"},"modified":"2026-04-30T17:54:42","modified_gmt":"2026-04-30T17:54:42","slug":"taza-dratini-dragonair-pokemon-nyoro-nyoro-friends","status":"publish","type":"product","link":"https:\/\/www.lobodachi.com\/?product=taza-dratini-dragonair-pokemon-nyoro-nyoro-friends","title":{"rendered":"Taza Dratini &amp; Dragonair Pok\u00e9mon Nyoro Nyoro Friends"},"content":{"rendered":"<p>Pok\u00e9mon Center<\/p>\n<p>Taza de cer\u00e1mica Dratini &amp; Draginair Pok\u00e9mon Nyoro Nyoro\u00a0 Frieds<\/p>\n<p>Capacidad 320 ml<\/p>\n<p>12,7\u00d78,4\u00d711 cm<\/p>\n<p>370 g<\/p>\n","protected":false},"excerpt":{"rendered":"<p>Pok\u00e9mon Center Taza de cer\u00e1mica Dratini &amp; Draginair Pok\u00e9mon Nyoro Nyoro\u00a0 Frieds Capacidad 320 ml 12,7\u00d78,4\u00d711 cm 370 g<\/p>\n","protected":false},"featured_media":5929,"template":"","meta":[],"_links":{"self":[{"href":"https:\/\/www.lobodachi.com\/index.php?rest_route=\/wp\/v2\/product\/5927"}],"collection":[{"href":"https:\/\/www.lobodachi.com\/index.php?rest_route=\/wp\/v2\/product"}],"about":[{"href":"https:\/\/www.lobodachi.com\/index.php?rest_route=\/wp\/v2\/types\/product"}],"wp:featuredmedia":[{"embeddable":true,"href":"https:\/\/www.lobodachi.com\/index.php?rest_route=\/wp\/v2\/media\/5929"}],"wp:attachment":[{"href":"https:\/\/www.lobodachi.com\/index.php?rest_route=%2Fwp%2Fv2%2Fmedia&parent=5927"}],"curies":[{"name":"wp","href":"https:\/\/api.w.org\/{rel}","templated":true}]}}