{"id":5942,"date":"2026-04-26T03:39:04","date_gmt":"2026-04-26T03:39:04","guid":{"rendered":"https:\/\/www.lobodachi.com\/?post_type=product&#038;p=5942"},"modified":"2026-04-30T15:41:03","modified_gmt":"2026-04-30T15:41:03","slug":"dudunsparce-lapicera-plush","status":"publish","type":"product","link":"https:\/\/www.lobodachi.com\/?product=dudunsparce-lapicera-plush","title":{"rendered":"Dudunsparce Lapicera Plush"},"content":{"rendered":"<p>Pok\u00e9mon Center<\/p>\n<p>Lapicera Plush Pok\u00e9mon Dudunsparce<\/p>\n<p>15\u00d737\u00d78 cm<\/p>\n<p>83 g<\/p>\n","protected":false},"excerpt":{"rendered":"<p>Pok\u00e9mon Center Lapicera Plush Pok\u00e9mon Dudunsparce 15\u00d737\u00d78 cm 83 g<\/p>\n","protected":false},"featured_media":5945,"template":"","meta":[],"_links":{"self":[{"href":"https:\/\/www.lobodachi.com\/index.php?rest_route=\/wp\/v2\/product\/5942"}],"collection":[{"href":"https:\/\/www.lobodachi.com\/index.php?rest_route=\/wp\/v2\/product"}],"about":[{"href":"https:\/\/www.lobodachi.com\/index.php?rest_route=\/wp\/v2\/types\/product"}],"wp:featuredmedia":[{"embeddable":true,"href":"https:\/\/www.lobodachi.com\/index.php?rest_route=\/wp\/v2\/media\/5945"}],"wp:attachment":[{"href":"https:\/\/www.lobodachi.com\/index.php?rest_route=%2Fwp%2Fv2%2Fmedia&parent=5942"}],"curies":[{"name":"wp","href":"https:\/\/api.w.org\/{rel}","templated":true}]}}