{"id":5957,"date":"2026-04-26T04:37:20","date_gmt":"2026-04-26T04:37:20","guid":{"rendered":"https:\/\/www.lobodachi.com\/?post_type=product&#038;p=5957"},"modified":"2026-05-01T11:14:39","modified_gmt":"2026-05-01T11:14:39","slug":"pokenade-pokemon-friends-pokeball","status":"publish","type":"product","link":"https:\/\/www.lobodachi.com\/?product=pokenade-pokemon-friends-pokeball","title":{"rendered":"Pokenade Pokemon Friends Pokeball"},"content":{"rendered":"<p>Pok\u00e9mon Center\u00a0<\/p>\n<p>Pok\u00e9mon Pokeball Friends LCD Takara Tomy<\/p>\n<p>10\u00d710\u00d710cm\u3000<\/p>\n<p>156\uff47<\/p>\n","protected":false},"excerpt":{"rendered":"<p>Pok\u00e9mon Center\u00a0 Pok\u00e9mon Pokeball Friends LCD Takara Tomy 10\u00d710\u00d710cm\u3000 156\uff47<\/p>\n","protected":false},"featured_media":5962,"template":"","meta":[],"_links":{"self":[{"href":"https:\/\/www.lobodachi.com\/index.php?rest_route=\/wp\/v2\/product\/5957"}],"collection":[{"href":"https:\/\/www.lobodachi.com\/index.php?rest_route=\/wp\/v2\/product"}],"about":[{"href":"https:\/\/www.lobodachi.com\/index.php?rest_route=\/wp\/v2\/types\/product"}],"wp:featuredmedia":[{"embeddable":true,"href":"https:\/\/www.lobodachi.com\/index.php?rest_route=\/wp\/v2\/media\/5962"}],"wp:attachment":[{"href":"https:\/\/www.lobodachi.com\/index.php?rest_route=%2Fwp%2Fv2%2Fmedia&parent=5957"}],"curies":[{"name":"wp","href":"https:\/\/api.w.org\/{rel}","templated":true}]}}