{"id":5958,"date":"2026-04-26T04:37:21","date_gmt":"2026-04-26T04:37:21","guid":{"rendered":"https:\/\/www.lobodachi.com\/?post_type=product&#038;p=5958"},"modified":"2026-05-01T11:14:45","modified_gmt":"2026-05-01T11:14:45","slug":"lugia-fit-plush","status":"publish","type":"product","link":"https:\/\/www.lobodachi.com\/?product=lugia-fit-plush","title":{"rendered":"Lugia Fit Plush"},"content":{"rendered":"<p>Pok\u00e9mon Center<\/p>\n<p>Lugia Plush Pok\u00e9mon Fit<\/p>\n<p>15\u00d719.5\u00d715.5 cm\u3000<\/p>\n<p>63g<\/p>\n<p>\u00a0<\/p>\n","protected":false},"excerpt":{"rendered":"<p>Pok\u00e9mon Center Lugia Plush Pok\u00e9mon Fit 15\u00d719.5\u00d715.5 cm\u3000 63g \u00a0<\/p>\n","protected":false},"featured_media":5966,"template":"","meta":[],"_links":{"self":[{"href":"https:\/\/www.lobodachi.com\/index.php?rest_route=\/wp\/v2\/product\/5958"}],"collection":[{"href":"https:\/\/www.lobodachi.com\/index.php?rest_route=\/wp\/v2\/product"}],"about":[{"href":"https:\/\/www.lobodachi.com\/index.php?rest_route=\/wp\/v2\/types\/product"}],"wp:featuredmedia":[{"embeddable":true,"href":"https:\/\/www.lobodachi.com\/index.php?rest_route=\/wp\/v2\/media\/5966"}],"wp:attachment":[{"href":"https:\/\/www.lobodachi.com\/index.php?rest_route=%2Fwp%2Fv2%2Fmedia&parent=5958"}],"curies":[{"name":"wp","href":"https:\/\/api.w.org\/{rel}","templated":true}]}}