{"id":5960,"date":"2026-04-26T04:37:21","date_gmt":"2026-04-26T04:37:21","guid":{"rendered":"https:\/\/www.lobodachi.com\/?post_type=product&#038;p=5960"},"modified":"2026-05-01T11:14:42","modified_gmt":"2026-05-01T11:14:42","slug":"bewear-ditto-mochila-plush","status":"publish","type":"product","link":"https:\/\/www.lobodachi.com\/?product=bewear-ditto-mochila-plush","title":{"rendered":"Bewear &amp; Ditto Mochila Plush"},"content":{"rendered":"<p>Pok\u00e9mon Center<\/p>\n<p>Mochila Bewear &amp; Ditto Plush<\/p>\n<p>24\u00d729,5\u00d742 cm<\/p>\n<p>351 g<\/p>\n","protected":false},"excerpt":{"rendered":"<p>Pok\u00e9mon Center Mochila Bewear &amp; Ditto Plush 24\u00d729,5\u00d742 cm 351 g<\/p>\n","protected":false},"featured_media":5964,"template":"","meta":[],"_links":{"self":[{"href":"https:\/\/www.lobodachi.com\/index.php?rest_route=\/wp\/v2\/product\/5960"}],"collection":[{"href":"https:\/\/www.lobodachi.com\/index.php?rest_route=\/wp\/v2\/product"}],"about":[{"href":"https:\/\/www.lobodachi.com\/index.php?rest_route=\/wp\/v2\/types\/product"}],"wp:featuredmedia":[{"embeddable":true,"href":"https:\/\/www.lobodachi.com\/index.php?rest_route=\/wp\/v2\/media\/5964"}],"wp:attachment":[{"href":"https:\/\/www.lobodachi.com\/index.php?rest_route=%2Fwp%2Fv2%2Fmedia&parent=5960"}],"curies":[{"name":"wp","href":"https:\/\/api.w.org\/{rel}","templated":true}]}}