{"id":5977,"date":"2026-04-29T18:35:14","date_gmt":"2026-04-29T18:35:14","guid":{"rendered":"https:\/\/www.lobodachi.com\/?post_type=product&#038;p=5977"},"modified":"2026-05-03T14:39:42","modified_gmt":"2026-05-03T14:39:42","slug":"mega-munikisu-zero-1-sobre-5-cartas","status":"publish","type":"product","link":"https:\/\/www.lobodachi.com\/?product=mega-munikisu-zero-1-sobre-5-cartas","title":{"rendered":"Mega Munikisu Zero (1 sobre \/ 5 cartas)"},"content":{"rendered":"<p>Pok\u00e9mon Center<\/p>\n<p>Pok\u00e9mon TCG MEGA Expansi\u00f3n Munikisu Zero\u00a0 (1 sobre \/ 5 cartas)<\/p>\n<p>Todos los sobres fueron comprados directo en tienda, no con revendedores, est\u00e1n completamente sellados, y no han sido pesados<\/p>\n","protected":false},"excerpt":{"rendered":"<p>Pok\u00e9mon Center Pok\u00e9mon TCG MEGA Expansi\u00f3n Munikisu Zero\u00a0 (1 sobre \/ 5 cartas) Todos los sobres fueron comprados directo en tienda, no con revendedores, est\u00e1n completamente sellados, y no han sido pesados<\/p>\n","protected":false},"featured_media":5986,"template":"","meta":[],"_links":{"self":[{"href":"https:\/\/www.lobodachi.com\/index.php?rest_route=\/wp\/v2\/product\/5977"}],"collection":[{"href":"https:\/\/www.lobodachi.com\/index.php?rest_route=\/wp\/v2\/product"}],"about":[{"href":"https:\/\/www.lobodachi.com\/index.php?rest_route=\/wp\/v2\/types\/product"}],"wp:featuredmedia":[{"embeddable":true,"href":"https:\/\/www.lobodachi.com\/index.php?rest_route=\/wp\/v2\/media\/5986"}],"wp:attachment":[{"href":"https:\/\/www.lobodachi.com\/index.php?rest_route=%2Fwp%2Fv2%2Fmedia&parent=5977"}],"curies":[{"name":"wp","href":"https:\/\/api.w.org\/{rel}","templated":true}]}}